{"id":18,"date":"2026-03-06T15:18:55","date_gmt":"2026-03-06T15:18:55","guid":{"rendered":"https:\/\/praxis-grub.bw-media.saarland\/?page_id=18"},"modified":"2026-03-10T15:05:19","modified_gmt":"2026-03-10T15:05:19","slug":"aktuelles","status":"publish","type":"page","link":"https:\/\/praxis-grub.bw-media.saarland\/?page_id=18","title":{"rendered":"Aktuelles"},"content":{"rendered":"<div class=\"\" style=\"\" >\n    \n    <section class=\"u-clearfix u-custom-color-18 u-section-2\" id=\"block-2\">\n      <div class=\"u-clearfix u-sheet u-valign-bottom-lg u-valign-bottom-md u-valign-bottom-sm u-valign-bottom-xl u-sheet-1\">\n        <div class=\"custom-expanded u-container-style u-custom-color-17 u-expanded-width-lg u-expanded-width-md u-expanded-width-sm u-expanded-width-xl u-group u-group-1\">\n          <div class=\"u-container-layout u-container-layout-1\">\n            <p class=\"u-align-center u-text u-text-custom-color-18 u-text-1\">Aktuelles<\/p>\n          <\/div>\n        <\/div>\n      <\/div>\n    <\/section>\n    <section class=\"u-align-left u-clearfix u-container-align-left u-white u-section-3\" id=\"block-3\">\n      <div class=\"u-clearfix u-sheet u-sheet-1\">\n        <div class=\"data-layout-selected u-clearfix u-expanded-width u-gutter-0 u-layout-wrap u-layout-wrap-1\">\n          <div class=\"u-layout\">\n            <div class=\"u-layout-col\">\n              <div class=\"u-container-style u-layout-cell u-left-cell u-right-cell u-size-60 u-layout-cell-1\">\n                <div class=\"u-container-layout u-container-layout-1\">\n                  <div class=\"u-custom-color-20 u-shape u-shape-rectangle u-shape-1\"><\/div>\n                  <img decoding=\"async\" alt=\"\" class=\"u-align-center u-expanded-width-xs u-image u-image-default u-image-1\" data-image-width=\"4990\" data-image-height=\"3408\" src=\"https:\/\/praxis-grub.bw-media.saarland\/wp-content\/uploads\/2026\/03\/6b7185ea1133caea2994f80baf70e539.jpeg\">\n                  <div class=\"u-container-style u-expanded-width u-group u-group-1\">\n                    <div class=\"u-container-layout u-container-layout-2\">\n                      <h2 class=\"u-align-center u-custom-font u-font-open-sans u-text u-text-custom-color-21 u-text-1\">Videosprechstunde ab sofort m\u00f6glich!<br>\n                        <br>\n                      <\/h2>\n                      <p class=\"u-align-left u-text u-text-custom-color-19 u-text-2\"><span style=\"font-size: 1.5rem;\"><\/span>Wir bieten ab sofort eine Videosprechstunde an! <br>\n                        <br>Wenn Sie bei Ihrem Anliegen nicht in der Praxis untersucht werden m\u00fcssen, gibt es ab sofort die M\u00f6glichkeit von Zuhause, unterwegs oder von der Arbeit per Video an der \u00e4rztlichen Sprechstunde teilzunehmen. Hier\u00fcber w\u00e4re auch die Ausstellung einer Arbeitsunf\u00e4higkeit m\u00f6glich. Sprechen Sie uns an!<br>&nbsp; <br>\n                        <br>\n                      <\/p>\n                    <\/div>\n                  <\/div>\n                <\/div>\n              <\/div>\n            <\/div>\n          <\/div>\n        <\/div>\n      <\/div>\n    <\/section>\n    <section class=\"u-align-left u-clearfix u-container-align-left u-white u-section-4\" id=\"block-4\">\n      <div class=\"u-clearfix u-sheet u-sheet-1\">\n        <div class=\"data-layout-selected u-clearfix u-expanded-width u-gutter-0 u-layout-wrap u-layout-wrap-1\">\n          <div class=\"u-layout\">\n            <div class=\"u-layout-col\">\n              <div class=\"u-container-style u-layout-cell u-left-cell u-right-cell u-size-60 u-layout-cell-1\">\n                <div class=\"u-container-layout u-container-layout-1\">\n                  <div class=\"u-custom-color-23 u-shape u-shape-rectangle u-shape-1\"><\/div>\n                  <img decoding=\"async\" alt=\"\" class=\"u-align-center u-expanded-width-xs u-image u-image-default u-image-1\" data-image-width=\"1280\" data-image-height=\"853\" src=\"https:\/\/praxis-grub.bw-media.saarland\/wp-content\/uploads\/2026\/03\/2f007bacde0ad2e3882245356c2f38d1c6a31705896af3349406b56e28388de6b7d0c654343265130b4a6ddb599aa173801418fbc619d8de42b010_1280.jpg\">\n                  <div class=\"u-container-style u-expanded-width u-group u-group-1\">\n                    <div class=\"u-container-layout u-container-layout-2\">\n                      <h2 class=\"u-align-center u-custom-font u-font-open-sans u-text u-text-custom-color-24 u-text-1\">Assistenzarzt\/-\u00e4rztin zur Weiterbildung Allgemeinmedizin gesucht!<br>\n                        <br>\n                      <\/h2>\n                      <p class=\"u-align-left u-text u-text-custom-color-22 u-text-2\"><span style=\"font-size: 1.5rem;\"><\/span>Wir suchen zum n\u00e4chstm\u00f6glichen Zeitpunkt eine\/n Assistenzarzt\/-\u00e4rztin zur Weiterbildung zum Facharzt\/zur Fach\u00e4rztin Allgemeinmedizin in Voll- oder Teilzeit.<br>Wir bieten ein vielf\u00e4ltiges allgemeinmedizinisches Spektrum in modernen und neuen Praxisr\u00e4umlichkeiten in Tholey im Saarland!<br>Eine Weiterbildungsberechtigung der \u00c4rztekammer des Saarlandes f\u00fcr vorl\u00e4ufig 12 Monate liegt vor.<br>\n                        <br>Bei Interesse freuen wir uns auf Ihre Bewerbung!<br>&nbsp; <br>\n                        <br>\n                      <\/p>\n                    <\/div>\n                  <\/div>\n                <\/div>\n              <\/div>\n            <\/div>\n          <\/div>\n        <\/div>\n      <\/div>\n    <\/section>\n    <section class=\"u-align-left u-clearfix u-container-align-left u-white u-section-5\" id=\"block-5\">\n      <div class=\"u-clearfix u-sheet u-sheet-1\">\n        <div class=\"data-layout-selected u-clearfix u-expanded-width u-gutter-0 u-layout-wrap u-layout-wrap-1\">\n          <div class=\"u-layout\">\n            <div class=\"u-layout-col\">\n              <div class=\"u-container-style u-layout-cell u-left-cell u-right-cell u-size-60 u-layout-cell-1\">\n                <div class=\"u-container-layout u-container-layout-1\">\n                  <div class=\"u-custom-color-26 u-shape u-shape-rectangle u-shape-1\"><\/div>\n                  <img decoding=\"async\" alt=\"\" class=\"u-align-center u-expanded-width-xs u-image u-image-default u-image-1\" data-image-width=\"1906\" data-image-height=\"1271\" src=\"https:\/\/praxis-grub.bw-media.saarland\/wp-content\/uploads\/2026\/03\/IMG_0292-2.jpg\">\n                  <div class=\"u-container-style u-expanded-width u-group u-group-1\">\n                    <div class=\"u-container-layout u-container-layout-2\">\n                      <h2 class=\"u-align-center u-custom-font u-font-open-sans u-text u-text-custom-color-27 u-text-1\">Blutegeltherapie ab sofort m\u00f6glich!<br>\n                        <br>\n                      <\/h2>\n                      <p class=\"u-align-left u-text u-text-custom-color-25 u-text-2\"><span style=\"font-size: 1.5rem;\"><\/span>Wir k\u00f6nnen Ihnen nun auch eine Blutegeltherapie anbieten, welche als traditionelles Heilmittel v.a. bei folgenden Erkrankungen von uns eingesetzt wird:<br>\n                        <br>- Akute und chronische Gelenkschmerzen (v.a. Kniegelenk- und Daumensattelgelenkarthrose)<br>- Sehnenentz\u00fcndungen (v.a. Tennisarm, Golferarm)<br>- Wirbels\u00e4ulen- und ISG-Syndrome<br>\n                        <br>Es handelt sich um eine individuelle Gesundheitsleistung (IGEL), welche nicht von Ihrer Krankenkasse \u00fcbernommen wird.<br>\n                        <br>Bei Interesse sprechen Sie uns gerne an!<br>&nbsp; <br>\n                        <br>\n                      <\/p>\n                    <\/div>\n                  <\/div>\n                <\/div>\n              <\/div>\n            <\/div>\n          <\/div>\n        <\/div>\n      <\/div>\n    <\/section>\n    <section class=\"u-clearfix u-custom-color-29 u-section-6\" id=\"block-6\">\n      <div class=\"u-clearfix u-sheet u-sheet-1\">\n        <div class=\"u-container-style u-custom-color-28 u-expanded-width u-group u-group-1\">\n          <div class=\"u-container-layout u-container-layout-1\"><\/div>\n        <\/div>\n      <\/div>\n    <\/section>\n    \n    \n    \n    \n  \n<\/div>","protected":false},"excerpt":{"rendered":"<p>Aktuelles Videosprechstunde ab sofort m\u00f6glich! Wir bieten ab sofort eine Videosprechstunde an! Wenn Sie bei Ihrem Anliegen nicht in der Praxis untersucht werden m\u00fcssen, gibt es ab sofort die M\u00f6glichkeit von Zuhause, unterwegs oder von der Arbeit per Video an der \u00e4rztlichen Sprechstunde teilzunehmen. Hier\u00fcber w\u00e4re auch die Ausstellung einer Arbeitsunf\u00e4higkeit m\u00f6glich. Sprechen Sie uns [&hellip;]<\/p>\n","protected":false},"author":1,"featured_media":0,"parent":0,"menu_order":0,"comment_status":"closed","ping_status":"closed","template":"","meta":{"footnotes":""},"class_list":["post-18","page","type-page","status-publish","hentry"],"_links":{"self":[{"href":"https:\/\/praxis-grub.bw-media.saarland\/index.php?rest_route=\/wp\/v2\/pages\/18","targetHints":{"allow":["GET"]}}],"collection":[{"href":"https:\/\/praxis-grub.bw-media.saarland\/index.php?rest_route=\/wp\/v2\/pages"}],"about":[{"href":"https:\/\/praxis-grub.bw-media.saarland\/index.php?rest_route=\/wp\/v2\/types\/page"}],"author":[{"embeddable":true,"href":"https:\/\/praxis-grub.bw-media.saarland\/index.php?rest_route=\/wp\/v2\/users\/1"}],"replies":[{"embeddable":true,"href":"https:\/\/praxis-grub.bw-media.saarland\/index.php?rest_route=%2Fwp%2Fv2%2Fcomments&post=18"}],"version-history":[{"count":4,"href":"https:\/\/praxis-grub.bw-media.saarland\/index.php?rest_route=\/wp\/v2\/pages\/18\/revisions"}],"predecessor-version":[{"id":89,"href":"https:\/\/praxis-grub.bw-media.saarland\/index.php?rest_route=\/wp\/v2\/pages\/18\/revisions\/89"}],"wp:attachment":[{"href":"https:\/\/praxis-grub.bw-media.saarland\/index.php?rest_route=%2Fwp%2Fv2%2Fmedia&parent=18"}],"curies":[{"name":"wp","href":"https:\/\/api.w.org\/{rel}","templated":true}]}}