{"id":7,"date":"2026-03-06T13:05:19","date_gmt":"2026-03-06T13:05:19","guid":{"rendered":"https:\/\/praxis-grub.bw-media.saarland\/?page_id=7"},"modified":"2026-03-10T15:10:13","modified_gmt":"2026-03-10T15:10:13","slug":"seite-1","status":"publish","type":"page","link":"https:\/\/praxis-grub.bw-media.saarland\/","title":{"rendered":"Home"},"content":{"rendered":"<div class=\"\" style=\"\" >\n    \n    <section class=\"u-align-left u-clearfix u-container-align-left u-image u-section-2\" data-image-width=\"3072\" data-image-height=\"2048\" id=\"block-2\" style=\"background-image: url(&quot;https:\/\/praxis-grub.bw-media.saarland\/wp-content\/uploads\/2026\/03\/IMG_0010-web-scaled.jpg&quot;);\">\n      <div class=\"u-clearfix u-sheet u-sheet-1\"><\/div>\n    <\/section>\n    <section class=\"u-clearfix u-custom-color-7 u-section-3\" id=\"block-3\">\n      <div class=\"u-clearfix u-sheet u-sheet-1\">\n        <div class=\"custom-expanded u-container-style u-custom-color-6 u-expanded-width-lg u-expanded-width-md u-expanded-width-sm u-expanded-width-xl u-group u-group-1\">\n          <div class=\"u-container-layout u-valign-top-lg u-valign-top-md u-valign-top-sm u-container-layout-1\">\n            <p class=\"u-align-center u-text u-text-custom-color-7 u-text-1\">Dr. med. Andreas Grub<\/p>\n          <\/div>\n        <\/div>\n      <\/div>\n    <\/section>\n    <section class=\"u-clearfix u-section-4\" id=\"block-4\">\n      <div class=\"u-clearfix u-sheet u-sheet-1\">\n        <div class=\"data-layout-selected u-clearfix u-expanded-width u-gutter-0 u-layout-wrap u-layout-wrap-1\">\n          <div class=\"u-layout\">\n            <div class=\"u-layout-col\">\n              <div class=\"u-container-style u-layout-cell u-left-cell u-right-cell u-size-28 u-layout-cell-1\">\n                <div class=\"u-container-layout u-container-layout-1\">\n                  <div class=\"u-container-style u-custom-color-10 u-group u-group-1\">\n                    <div class=\"u-container-layout u-container-layout-2\"><\/div>\n                  <\/div>\n                  <img decoding=\"async\" class=\"u-align-center u-image u-image-default u-image-1\" src=\"https:\/\/praxis-grub.bw-media.saarland\/wp-content\/uploads\/2026\/03\/IMG_9279-3-scaled.jpg\" data-image-width=\"1755\" data-image-height=\"2633\">\n                <\/div>\n              <\/div>\n              <div class=\"u-container-style u-layout-cell u-left-cell u-right-cell u-size-32 u-layout-cell-2\">\n                <div class=\"u-container-layout u-container-layout-3\">\n                  <p class=\"u-align-center u-text u-text-custom-color-11 u-text-1\">Ihre Praxis f\u00fcr Allgemeinmedizin <br>Dr. med. Andreas Grub&nbsp;<br>in Tholey im Landkreis St. Wendel\n                  <\/p>\n                  <p class=\"u-align-left u-text u-text-custom-color-9 u-text-2\">Sie haben ein gesundheitliches Problem oder wollen eine\nVorsorge in Anspruch nehmen?&nbsp;<br>Dann sind wir Ihr erster Ansprechpartner!<br>\n                    <br>Wir nehmen uns die Zeit auf Ihr Anliegen einzugehen, kl\u00e4ren\nIhre Beschwerden im Rahmen der allgemeinmedizinischen M\u00f6glichkeiten ab und\nzeigen Ihnen therapeutische Optionen auf. Bei Bedarf werden Sie an\nspezialisierte Einrichtungen zur weiteren Abkl\u00e4rung und Behandlung\nweitergeleitet.\nDes Weiteren bieten wir eine breite Palette an\nVorsorgema\u00dfnahmen an, die Sie auch ohne gesundheitliche Beschwerden in Anspruch\nnehmen k\u00f6nnen. Sprechen Sie uns gerne diesbez\u00fcglich an!&nbsp; &nbsp;&nbsp;<br>\n                    <br>Haben wir Ihr Interesse geweckt? Dann vereinbaren Sie doch\neinen Termin bei uns.&nbsp; &nbsp;&nbsp;<br>\n                  <\/p>\n                  <a href=\"https:\/\/praxis-grub.bw-media.saarland\/?page_id=16\" class=\"u-btn u-button-style u-custom-color-11 u-hover-palette-1-dark-1 u-btn-1\">Zu unseren Kontaktdaten<\/a>\n                <\/div>\n              <\/div>\n            <\/div>\n          <\/div>\n        <\/div>\n      <\/div>\n    <\/section>\n    <section class=\"u-clearfix u-section-5\" id=\"block-5\">\n      <div class=\"u-clearfix u-sheet u-valign-middle-md u-valign-middle-sm u-sheet-1\">\n        <div class=\"data-layout-selected u-clearfix u-expanded-width u-gutter-0 u-layout-wrap u-layout-wrap-1\">\n          <div class=\"u-layout\">\n            <div class=\"u-layout-row\">\n              <div class=\"u-size-60\">\n                <div class=\"u-layout-col\">\n                  <div class=\"u-align-left u-container-align-left u-container-style u-layout-cell u-left-cell u-size-60 u-white u-layout-cell-1\">\n                    <div class=\"u-container-layout u-container-layout-1\">\n                      <p class=\"u-text u-text-1\">Unsere Praxis bietet eine Vielzahl von medizinischen Leistungen an. M\u00f6chten Sie mehr dar\u00fcber erfahren?<br>In unserer Leistungs\u00fcbersicht informieren wir Sie ausf\u00fchrlich \u00fcber unser Angebot.\n                      <\/p>\n                      <a href=\"https:\/\/praxis-grub.bw-media.saarland\/?page_id=50\" class=\"u-btn u-button-style u-custom-color-13 u-hover-palette-1-dark-1 u-btn-1\">Zu unseren Leistungen<\/a>\n                    <\/div>\n                  <\/div>\n                <\/div>\n              <\/div>\n            <\/div>\n          <\/div>\n        <\/div>\n      <\/div>\n    <\/section>\n    <section class=\"u-align-center u-clearfix u-container-align-center u-section-6\" id=\"block-6\">\n      <div class=\"u-clearfix u-sheet u-sheet-1\">\n        <div class=\"u-gallery u-layout-grid u-lightbox u-show-text-on-hover u-gallery-1\">\n          <div class=\"u-gallery-inner u-gallery-inner-1\">\n            <div class=\"u-effect-fade u-gallery-item\">\n              <div class=\"u-back-slide\" data-image-width=\"2956\" data-image-height=\"1971\">\n                <img decoding=\"async\" class=\"u-back-image u-expanded\" src=\"https:\/\/praxis-grub.bw-media.saarland\/wp-content\/uploads\/2026\/03\/IMG_9170-2-scaled.jpg\">\n              <\/div>\n              <div class=\"u-over-slide u-shading u-over-slide-1\"><\/div>\n            <\/div>\n          <\/div>\n        <\/div>\n      <\/div>\n    <\/section>\n    <section class=\"u-align-center u-clearfix u-container-align-center u-section-7\" id=\"block-7\">\n      <div class=\"u-clearfix u-sheet u-sheet-1\">\n        <div class=\"u-custom-color-14 u-shape u-shape-rectangle u-shape-1\"><\/div>\n        <div class=\"u-gallery u-layout-grid u-lightbox u-show-text-on-hover u-gallery-1\">\n          <div class=\"u-gallery-inner u-gallery-inner-1\">\n            <div class=\"u-effect-fade u-gallery-item\">\n              <div class=\"u-back-slide\" data-image-width=\"2048\" data-image-height=\"3072\">\n                <img decoding=\"async\" class=\"u-back-image u-expanded\" src=\"https:\/\/praxis-grub.bw-media.saarland\/wp-content\/uploads\/2026\/03\/IMG_5547-web-scaled.jpg\">\n              <\/div>\n              <div class=\"u-over-slide u-shading u-over-slide-1\"><\/div>\n            <\/div>\n            <div class=\"u-effect-fade u-gallery-item\">\n              <div class=\"u-back-slide\" data-image-width=\"2139\" data-image-height=\"3209\">\n                <img decoding=\"async\" class=\"u-back-image u-expanded\" src=\"https:\/\/praxis-grub.bw-media.saarland\/wp-content\/uploads\/2026\/03\/IMG_9155-2-scaled.jpg\">\n              <\/div>\n              <div class=\"u-over-slide u-shading u-over-slide-2\"><\/div>\n            <\/div>\n            <div class=\"u-effect-fade u-gallery-item\">\n              <div class=\"u-back-slide\" data-image-width=\"2048\" data-image-height=\"3072\">\n                <img decoding=\"async\" class=\"u-back-image u-expanded\" src=\"https:\/\/praxis-grub.bw-media.saarland\/wp-content\/uploads\/2026\/03\/IMG_0035-web-scaled.jpg\">\n              <\/div>\n              <div class=\"u-over-slide u-shading u-over-slide-3\"><\/div>\n            <\/div>\n            <div class=\"u-effect-fade u-gallery-item\">\n              <div class=\"u-back-slide\" data-image-width=\"2048\" data-image-height=\"3072\">\n                <img decoding=\"async\" class=\"u-back-image u-expanded\" src=\"https:\/\/praxis-grub.bw-media.saarland\/wp-content\/uploads\/2026\/03\/IMG_0063-web-scaled.jpg\">\n              <\/div>\n              <div class=\"u-over-slide u-shading u-over-slide-4\"><\/div>\n            <\/div>\n          <\/div>\n        <\/div>\n      <\/div>\n    <\/section>\n    <section class=\"u-clearfix u-custom-color-16 u-section-8\" id=\"block-8\">\n      <div class=\"u-clearfix u-sheet u-sheet-1\">\n        <div class=\"u-container-style u-custom-color-15 u-expanded-width u-group u-group-1\">\n          <div class=\"u-container-layout u-container-layout-1\"><\/div>\n        <\/div>\n      <\/div>\n    <\/section>\n    \n    \n    \n    \n  \n<\/div>","protected":false},"excerpt":{"rendered":"<p>Dr. med. Andreas Grub Ihre Praxis f\u00fcr Allgemeinmedizin Dr. med. Andreas Grub&nbsp;in Tholey im Landkreis St. Wendel Sie haben ein gesundheitliches Problem oder wollen eine Vorsorge in Anspruch nehmen?&nbsp;Dann sind wir Ihr erster Ansprechpartner! Wir nehmen uns die Zeit auf Ihr Anliegen einzugehen, kl\u00e4ren Ihre Beschwerden im Rahmen der allgemeinmedizinischen M\u00f6glichkeiten ab und zeigen Ihnen [&hellip;]<\/p>\n","protected":false},"author":1,"featured_media":0,"parent":0,"menu_order":0,"comment_status":"closed","ping_status":"closed","template":"","meta":{"footnotes":""},"class_list":["post-7","page","type-page","status-publish","hentry"],"_links":{"self":[{"href":"https:\/\/praxis-grub.bw-media.saarland\/index.php?rest_route=\/wp\/v2\/pages\/7","targetHints":{"allow":["GET"]}}],"collection":[{"href":"https:\/\/praxis-grub.bw-media.saarland\/index.php?rest_route=\/wp\/v2\/pages"}],"about":[{"href":"https:\/\/praxis-grub.bw-media.saarland\/index.php?rest_route=\/wp\/v2\/types\/page"}],"author":[{"embeddable":true,"href":"https:\/\/praxis-grub.bw-media.saarland\/index.php?rest_route=\/wp\/v2\/users\/1"}],"replies":[{"embeddable":true,"href":"https:\/\/praxis-grub.bw-media.saarland\/index.php?rest_route=%2Fwp%2Fv2%2Fcomments&post=7"}],"version-history":[{"count":3,"href":"https:\/\/praxis-grub.bw-media.saarland\/index.php?rest_route=\/wp\/v2\/pages\/7\/revisions"}],"predecessor-version":[{"id":85,"href":"https:\/\/praxis-grub.bw-media.saarland\/index.php?rest_route=\/wp\/v2\/pages\/7\/revisions\/85"}],"wp:attachment":[{"href":"https:\/\/praxis-grub.bw-media.saarland\/index.php?rest_route=%2Fwp%2Fv2%2Fmedia&parent=7"}],"curies":[{"name":"wp","href":"https:\/\/api.w.org\/{rel}","templated":true}]}}